{"id":108,"date":"2025-06-18T03:41:23","date_gmt":"2025-06-18T03:41:23","guid":{"rendered":"https:\/\/partsproto.de\/?page_id=108"},"modified":"2025-06-19T02:29:53","modified_gmt":"2025-06-19T02:29:53","slug":"contact","status":"publish","type":"page","link":"https:\/\/partsproto.de\/en\/contact\/","title":{"rendered":"Contact"},"content":{"rendered":"<div class=\"bg-gradient-to-r from-blue-900 to-blue-800 text-white py-20\">\n<div class=\"container mx-auto px-6\">\n<div class=\"max-w-4xl mx-auto text-center\">\n<h1 class=\"text-5xl font-bold mb-6\">Contact us<\/h1>\n<p class=\"text-xl mb-8 text-blue-100\">Your trusted partner for CNC precision manufacturing from China<\/p>\n<p class=\"text-lg text-blue-200\">We are here to assist you with any questions about our CNC machining services. Contact us for a free quote or expert advice.<\/p>\n\t\t<div data-elementor-type=\"container\" data-elementor-id=\"58\" class=\"elementor elementor-58\" data-elementor-post-type=\"elementor_library\">\n\t\t\t\t<div class=\"elementor-element elementor-element-8271ded e-flex e-con-boxed e-con e-parent\" data-id=\"8271ded\" data-element_type=\"container\">\n\t\t\t\t\t<div class=\"e-con-inner\">\n\t\t\t\t<div class=\"elementor-element elementor-element-522ee8a elementor-button-align-center elementor-widget elementor-widget-form\" data-id=\"522ee8a\" data-element_type=\"widget\" data-settings=\"{&quot;step_next_label&quot;:&quot;Next&quot;,&quot;step_previous_label&quot;:&quot;Previous&quot;,&quot;button_width&quot;:&quot;100&quot;,&quot;step_type&quot;:&quot;number_text&quot;,&quot;step_icon_shape&quot;:&quot;circle&quot;}\" data-widget_type=\"form.default\">\n\t\t\t\t<div class=\"elementor-widget-container\">\n\t\t\t\t\t\t\t<form class=\"elementor-form\" method=\"post\" name=\"New Form\" action=\"\">\n\t\t\t<input type=\"hidden\" name=\"post_id\" value=\"58\"\/>\n\t\t\t<input type=\"hidden\" name=\"form_id\" value=\"522ee8a\"\/>\n\t\t\t<input type=\"hidden\" name=\"referer_title\" value=\"Teile On-Demand-Fertigung - Partsproto\" \/>\n\n\t\t\t\t\t\t\t<input type=\"hidden\" name=\"queried_id\" value=\"85\"\/>\n\t\t\t\n\t\t\t<div class=\"elementor-form-fields-wrapper elementor-labels-\">\n\t\t\t\t\t\t\t\t<div class=\"elementor-field-type-text elementor-field-group elementor-column elementor-field-group-name elementor-col-100\">\n\t\t\t\t\t\t\t\t\t\t\t\t<label for=\"form-field-name\" class=\"elementor-field-label elementor-screen-only\">\n\t\t\t\t\t\t\t\tFull Name\t\t\t\t\t\t\t<\/label>\n\t\t\t\t\t\t\t\t\t\t\t\t\t\t<input size=\"1\" type=\"text\" name=\"form_fields[name]\" id=\"form-field-name\" class=\"elementor-field elementor-size-md  elementor-field-textual\" placeholder=\"Full Name\">\n\t\t\t\t\t\t\t\t\t\t\t<\/div>\n\t\t\t\t\t\t\t\t<div class=\"elementor-field-type-tel elementor-field-group elementor-column elementor-field-group-email elementor-col-100 elementor-field-required\">\n\t\t\t\t\t\t\t\t\t\t\t\t<label for=\"form-field-email\" class=\"elementor-field-label elementor-screen-only\">\n\t\t\t\t\t\t\t\tPhone\t\t\t\t\t\t\t<\/label>\n\t\t\t\t\t\t\t\t<input size=\"1\" type=\"tel\" name=\"form_fields[email]\" id=\"form-field-email\" class=\"elementor-field elementor-size-md  elementor-field-textual\" placeholder=\"Phone\" required=\"required\" pattern=\"[0-9()#&amp;+*-=.]+\" title=\"Only numbers or phone characters (#, -, *, etc) are accepted.\">\n\n\t\t\t\t\t\t<\/div>\n\t\t\t\t\t\t\t\t<div class=\"elementor-field-type-email elementor-field-group elementor-column elementor-field-group-field_1 elementor-col-100 elementor-field-required\">\n\t\t\t\t\t\t\t\t\t\t\t\t<label for=\"form-field-field_1\" class=\"elementor-field-label elementor-screen-only\">\n\t\t\t\t\t\t\t\tE-Mail\t\t\t\t\t\t\t<\/label>\n\t\t\t\t\t\t\t\t\t\t\t\t\t\t<input size=\"1\" type=\"email\" name=\"form_fields[field_1]\" id=\"form-field-field_1\" class=\"elementor-field elementor-size-md  elementor-field-textual\" placeholder=\"E-Mail\" required=\"required\">\n\t\t\t\t\t\t\t\t\t\t\t<\/div>\n\t\t\t\t\t\t\t\t<div class=\"elementor-field-type-textarea elementor-field-group elementor-column elementor-field-group-field_97556ef elementor-col-100 elementor-field-required\">\n\t\t\t\t\t\t\t\t\t\t\t\t<label for=\"form-field-field_97556ef\" class=\"elementor-field-label elementor-screen-only\">\n\t\t\t\t\t\t\t\tPlease describe your request\t\t\t\t\t\t\t<\/label>\n\t\t\t\t\t\t<textarea class=\"elementor-field-textual elementor-field  elementor-size-md\" name=\"form_fields[field_97556ef]\" id=\"form-field-field_97556ef\" rows=\"4\" placeholder=\"Please describe your request\" required=\"required\"><\/textarea>\t\t\t\t<\/div>\n\t\t\t\t\t\t\t\t<div class=\"elementor-field-type-upload elementor-field-group elementor-column elementor-field-group-field_a3f2de3 elementor-col-100 elementor-field-required\">\n\t\t\t\t\t\t\t\t\t\t\t\t<label for=\"form-field-field_a3f2de3\" class=\"elementor-field-label elementor-screen-only\">\n\t\t\t\t\t\t\t\tFile Upload\t\t\t\t\t\t\t<\/label>\n\t\t\t\t\t\t\t\t<input type=\"file\" name=\"form_fields[field_a3f2de3]\" id=\"form-field-field_a3f2de3\" class=\"elementor-field elementor-size-md  elementor-upload-field\" required=\"required\">\n\n\t\t\t\t\t\t<\/div>\n\t\t\t\t\t\t\t\t<div class=\"elementor-field-group elementor-column elementor-field-type-submit elementor-col-100 e-form__buttons\">\n\t\t\t\t\t<button class=\"elementor-button elementor-size-md\" type=\"submit\">\n\t\t\t\t\t\t<span class=\"elementor-button-content-wrapper\">\n\t\t\t\t\t\t\t\t\t\t\t\t\t\t\t<span class=\"elementor-button-icon\">\n\t\t\t\t\t\t\t\t\t<svg aria-hidden=\"true\" class=\"e-font-icon-svg e-fas-arrow-right\" viewbox=\"0 0 448 512\" xmlns=\"http:\/\/www.w3.org\/2000\/svg\"><path d=\"M190.5 66.9l22.2-22.2c9.4-9.4 24.6-9.4 33.9 0L441 239c9.4 9.4 9.4 24.6 0 33.9L246.6 467.3c-9.4 9.4-24.6 9.4-33.9 0l-22.2-22.2c-9.5-9.5-9.3-25 .4-34.3L311.4 296H24c-13.3 0-24-10.7-24-24v-32c0-13.3 10.7-24 24-24h287.4L190.9 101.2c-9.8-9.3-10-24.8-.4-34.3z\"><\/path><\/svg>\t\t\t\t\t\t\t\t\t\t\t\t\t\t\t\t\t<\/span>\n\t\t\t\t\t\t\t\t\t\t\t\t\t\t\t\t\t\t\t\t\t\t<span class=\"elementor-button-text\">Submit<\/span>\n\t\t\t\t\t\t\t\t\t\t\t\t\t<\/span>\n\t\t\t\t\t<\/button>\n\t\t\t\t<\/div>\n\t\t\t<\/div>\n\t\t<input type=\"hidden\" name=\"trp-form-language\" value=\"en\"\/><\/form>\n\t\t\t\t\t\t<\/div>\n\t\t\t\t<\/div>\n\t\t\t\t\t<\/div>\n\t\t\t\t<\/div>\n\t\t\t\t<\/div>\n\t\t\n<\/div>\n<\/div>\n<\/div>\n<div class=\"py-16 bg-gray-100\">\n<div class=\"container mx-auto px-6\">\n<div class=\"max-w-6xl mx-auto\">\n<h2 class=\"text-4xl font-bold text-center text-gray-800 mb-12\">Contact Information<\/h2>\n<div class=\"grid lg:grid-cols-2 gap-12 items-center\">\n<div><img fetchpriority=\"high\" decoding=\"async\" class=\"alignnone size-full wp-image-293\" src=\"http:\/\/partsproto.de\/wp-content\/uploads\/2025\/06\/CNC-machining-factory-e1750298086793.jpg\" alt=\"\" width=\"1146\" height=\"760\" srcset=\"https:\/\/partsproto.de\/wp-content\/uploads\/2025\/06\/CNC-machining-factory-e1750298086793.jpg 1146w, https:\/\/partsproto.de\/wp-content\/uploads\/2025\/06\/CNC-machining-factory-e1750298086793-300x199.jpg 300w, https:\/\/partsproto.de\/wp-content\/uploads\/2025\/06\/CNC-machining-factory-e1750298086793-1024x679.jpg 1024w, https:\/\/partsproto.de\/wp-content\/uploads\/2025\/06\/CNC-machining-factory-e1750298086793-768x509.jpg 768w\" sizes=\"(max-width: 1146px) 100vw, 1146px\" \/><\/div>\n<div class=\"space-y-8\">\n<div class=\"flex items-start space-x-4\">\n<div class=\"w-12 h-12 bg-blue-600 rounded-full flex items-center justify-center flex-shrink-0\"><\/div>\n<div>\n<h4 class=\"text-xl font-bold text-gray-800 mb-2\">Address<\/h4>\n<p class=\"text-gray-600\">11 Longjiangyi Rd<br \/>\nDongguan City, Guangdong Province<br \/>\nChina, 523690<\/p>\n<\/div>\n<\/div>\n<div class=\"flex items-start space-x-4\">\n<div class=\"w-12 h-12 bg-green-600 rounded-full flex items-center justify-center flex-shrink-0\"><\/div>\n<div>\n<h4 class=\"text-xl font-bold text-gray-800 mb-2\">E-Mail<\/h4>\n<p class=\"text-gray-600\"><a class=\"text-blue-600 hover:text-blue-800 transition-colors duration-300\" href=\"mailto:info@partsproto.de\">info@partsproto.de<\/a><\/p>\n<\/div>\n<\/div>\n<div class=\"flex items-start space-x-4\">\n<div class=\"w-12 h-12 bg-orange-600 rounded-full flex items-center justify-center flex-shrink-0\"><\/div>\n<div>\n<h4 class=\"text-xl font-bold text-gray-800 mb-2\">24\/7 Support<\/h4>\n<p class=\"text-gray-600\">Technical consultation and<br \/>\nEmergency hotline available<\/p>\n<\/div>\n<\/div>\n<div class=\"flex items-start space-x-4\">\n<div class=\"w-12 h-12 bg-purple-600 rounded-full flex items-center justify-center flex-shrink-0\"><\/div>\n<div>\n<h4 class=\"text-xl font-bold text-gray-800 mb-2\">Working hours<\/h4>\n<p class=\"text-gray-600\">Monday \u2013 Friday: 8:00 AM \u2013 6:00 PM (CST)<br \/>\nSaturday: 9:00 AM \u2013 3:00 PM (CST)<br \/>\nSunday: Emergency support available<\/p>\n<\/div>\n<\/div>\n<\/div>\n<\/div>\n<\/div>\n<\/div>\n<\/div>\n<div class=\"py-16 bg-blue-50\">\n<div class=\"container mx-auto px-6\">\n<div class=\"max-w-4xl mx-auto\">\n<h2 class=\"text-4xl font-bold text-center text-gray-800 mb-4\">Frequently Asked Questions<\/h2>\n<p class=\"text-xl text-center text-gray-600 mb-12\">Answers to the most important questions about our service<\/p>\n<div class=\"space-y-6\">\n<div class=\"bg-white rounded-xl p-6 shadow-lg\">\n<h4 class=\"text-xl font-bold text-gray-800 mb-3\"><i class=\"fas fa-question-circle text-blue-600 mr-3\"><\/i>\u00a0How quickly will I receive a quote?<\/h4>\n<p class=\"text-gray-600\">In general, you will receive a detailed quote within 24 hours. For urgent inquiries, we can also respond within a few hours.<\/p>\n<\/div>\n<div class=\"bg-white rounded-xl p-6 shadow-lg\">\n<h4 class=\"text-xl font-bold text-gray-800 mb-3\"><i class=\"fas fa-question-circle text-blue-600 mr-3\"><\/i>\u00a0What file formats do you accept?<\/h4>\n<p class=\"text-gray-600\">We accept all common CAD formats: STEP, IGES, STL, Solidworks, AutoCAD, and many more. Technical drawings as PDFs are also welcome.<\/p>\n<\/div>\n<div class=\"bg-white rounded-xl p-6 shadow-lg\">\n<h4 class=\"text-xl font-bold text-gray-800 mb-3\"><i class=\"fas fa-question-circle text-blue-600 mr-3\"><\/i>\u00a0Do you also offer small series?<\/h4>\n<p class=\"text-gray-600\">Yes, we manufacture both prototypes as individual pieces and small series as well as larger production runs. No minimum order quantity required.<\/p>\n<\/div>\n<div class=\"bg-white rounded-xl p-6 shadow-lg\">\n<h4 class=\"text-xl font-bold text-gray-800 mb-3\"><i class=\"fas fa-question-circle text-blue-600 mr-3\"><\/i>\u00a0How is the quality control organized?<\/h4>\n<p class=\"text-gray-600\">All parts are manufactured and tested according to ISO 9001:2015 standard. We use modern measurement technology and prepare detailed inspection reports upon request.<\/p>\n<\/div>\n<\/div>\n<\/div>\n<\/div>\n<\/div>","protected":false},"excerpt":{"rendered":"<p>Contact us your trusted partner for CNC precision manufacturing from China We are here to assist you with any questions about our CNC machining services. Contact us for a free quote or expert advice. Contact information Address 11 Longjiangyi Rd Dong Guan City, Guangdong Province China, 523690 Email info@partsproto.de 24\/7 Support Technical consultation and emergency hotline available [\u2026]<\/p>","protected":false},"author":1,"featured_media":0,"parent":0,"menu_order":0,"comment_status":"closed","ping_status":"closed","template":"elementor_header_footer","meta":{"footnotes":""},"class_list":["post-108","page","type-page","status-publish","hentry"],"yoast_head":"<!-- This site is optimized with the Yoast SEO plugin v25.3 - https:\/\/yoast.com\/wordpress\/plugins\/seo\/ -->\n<title>Kontakt - Partsproto<\/title>\n<meta name=\"robots\" content=\"index, follow, max-snippet:-1, max-image-preview:large, max-video-preview:-1\" \/>\n<link rel=\"canonical\" href=\"https:\/\/partsproto.de\/en\/contact\/\" \/>\n<meta property=\"og:locale\" content=\"en_US\" \/>\n<meta property=\"og:type\" content=\"article\" \/>\n<meta property=\"og:title\" content=\"Kontakt - Partsproto\" \/>\n<meta property=\"og:description\" content=\"Kontaktieren Sie uns Ihr vertrauensw\u00fcrdiger Partner f\u00fcr CNC-Pr\u00e4zisionsfertigung aus China Wir sind hier, um Ihnen bei allen Fragen zu unseren CNC-Bearbeitungsdienstleistungen zu helfen. Kontaktieren Sie uns f\u00fcr ein kostenloses Angebot oder eine fachkundige Beratung. Kontaktinformationen Anschrift 11 Longjiangyi Rd Dong Guan Shi, Guangdong Province China, 523690 E-Mail info@partsproto.de 24\/7 Support Technische Beratung und Notfall-Hotline verf\u00fcgbar [&hellip;]\" \/>\n<meta property=\"og:url\" content=\"https:\/\/partsproto.de\/en\/contact\/\" \/>\n<meta property=\"og:site_name\" content=\"Partsproto\" \/>\n<meta property=\"article:modified_time\" content=\"2025-06-19T02:29:53+00:00\" \/>\n<meta property=\"og:image\" content=\"http:\/\/partsproto.de\/wp-content\/uploads\/2025\/06\/CNC-machining-factory-e1750298086793.jpg\" \/>\n<meta name=\"twitter:card\" content=\"summary_large_image\" \/>\n<meta name=\"twitter:label1\" content=\"Est. reading time\" \/>\n\t<meta name=\"twitter:data1\" content=\"1 minute\" \/>\n<script type=\"application\/ld+json\" class=\"yoast-schema-graph\">{\"@context\":\"https:\/\/schema.org\",\"@graph\":[{\"@type\":\"WebPage\",\"@id\":\"https:\/\/partsproto.de\/it\/kontakt\/\",\"url\":\"https:\/\/partsproto.de\/it\/kontakt\/\",\"name\":\"Kontakt - Partsproto\",\"isPartOf\":{\"@id\":\"http:\/\/partsproto.de\/#website\"},\"primaryImageOfPage\":{\"@id\":\"https:\/\/partsproto.de\/it\/kontakt\/#primaryimage\"},\"image\":{\"@id\":\"https:\/\/partsproto.de\/it\/kontakt\/#primaryimage\"},\"thumbnailUrl\":\"http:\/\/partsproto.de\/wp-content\/uploads\/2025\/06\/CNC-machining-factory-e1750298086793.jpg\",\"datePublished\":\"2025-06-18T03:41:23+00:00\",\"dateModified\":\"2025-06-19T02:29:53+00:00\",\"breadcrumb\":{\"@id\":\"https:\/\/partsproto.de\/it\/kontakt\/#breadcrumb\"},\"inLanguage\":\"en-US\",\"potentialAction\":[{\"@type\":\"ReadAction\",\"target\":[\"https:\/\/partsproto.de\/it\/kontakt\/\"]}]},{\"@type\":\"ImageObject\",\"inLanguage\":\"en-US\",\"@id\":\"https:\/\/partsproto.de\/it\/kontakt\/#primaryimage\",\"url\":\"http:\/\/partsproto.de\/wp-content\/uploads\/2025\/06\/CNC-machining-factory-e1750298086793.jpg\",\"contentUrl\":\"http:\/\/partsproto.de\/wp-content\/uploads\/2025\/06\/CNC-machining-factory-e1750298086793.jpg\"},{\"@type\":\"BreadcrumbList\",\"@id\":\"https:\/\/partsproto.de\/it\/kontakt\/#breadcrumb\",\"itemListElement\":[{\"@type\":\"ListItem\",\"position\":1,\"name\":\"\u9996\u9875\",\"item\":\"http:\/\/partsproto.de\/\"},{\"@type\":\"ListItem\",\"position\":2,\"name\":\"Kontakt\"}]},{\"@type\":\"WebSite\",\"@id\":\"http:\/\/partsproto.de\/#website\",\"url\":\"http:\/\/partsproto.de\/\",\"name\":\"Partsproto\",\"description\":\"\",\"potentialAction\":[{\"@type\":\"SearchAction\",\"target\":{\"@type\":\"EntryPoint\",\"urlTemplate\":\"http:\/\/partsproto.de\/?s={search_term_string}\"},\"query-input\":{\"@type\":\"PropertyValueSpecification\",\"valueRequired\":true,\"valueName\":\"search_term_string\"}}],\"inLanguage\":\"en-US\"}]}<\/script>\n<!-- \/ Yoast SEO plugin. -->","yoast_head_json":{"title":"Kontakt - Partsproto","robots":{"index":"index","follow":"follow","max-snippet":"max-snippet:-1","max-image-preview":"max-image-preview:large","max-video-preview":"max-video-preview:-1"},"canonical":"https:\/\/partsproto.de\/en\/contact\/","og_locale":"en_US","og_type":"article","og_title":"Kontakt - Partsproto","og_description":"Kontaktieren Sie uns Ihr vertrauensw\u00fcrdiger Partner f\u00fcr CNC-Pr\u00e4zisionsfertigung aus China Wir sind hier, um Ihnen bei allen Fragen zu unseren CNC-Bearbeitungsdienstleistungen zu helfen. Kontaktieren Sie uns f\u00fcr ein kostenloses Angebot oder eine fachkundige Beratung. Kontaktinformationen Anschrift 11 Longjiangyi Rd Dong Guan Shi, Guangdong Province China, 523690 E-Mail info@partsproto.de 24\/7 Support Technische Beratung und Notfall-Hotline verf\u00fcgbar [&hellip;]","og_url":"https:\/\/partsproto.de\/en\/contact\/","og_site_name":"Partsproto","article_modified_time":"2025-06-19T02:29:53+00:00","og_image":[{"url":"http:\/\/partsproto.de\/wp-content\/uploads\/2025\/06\/CNC-machining-factory-e1750298086793.jpg","type":"","width":"","height":""}],"twitter_card":"summary_large_image","twitter_misc":{"Est. reading time":"1 minute"},"schema":{"@context":"https:\/\/schema.org","@graph":[{"@type":"WebPage","@id":"https:\/\/partsproto.de\/it\/kontakt\/","url":"https:\/\/partsproto.de\/it\/kontakt\/","name":"Kontakt - Partsproto","isPartOf":{"@id":"http:\/\/partsproto.de\/#website"},"primaryImageOfPage":{"@id":"https:\/\/partsproto.de\/it\/kontakt\/#primaryimage"},"image":{"@id":"https:\/\/partsproto.de\/it\/kontakt\/#primaryimage"},"thumbnailUrl":"http:\/\/partsproto.de\/wp-content\/uploads\/2025\/06\/CNC-machining-factory-e1750298086793.jpg","datePublished":"2025-06-18T03:41:23+00:00","dateModified":"2025-06-19T02:29:53+00:00","breadcrumb":{"@id":"https:\/\/partsproto.de\/it\/kontakt\/#breadcrumb"},"inLanguage":"en-US","potentialAction":[{"@type":"ReadAction","target":["https:\/\/partsproto.de\/it\/kontakt\/"]}]},{"@type":"ImageObject","inLanguage":"en-US","@id":"https:\/\/partsproto.de\/it\/kontakt\/#primaryimage","url":"http:\/\/partsproto.de\/wp-content\/uploads\/2025\/06\/CNC-machining-factory-e1750298086793.jpg","contentUrl":"http:\/\/partsproto.de\/wp-content\/uploads\/2025\/06\/CNC-machining-factory-e1750298086793.jpg"},{"@type":"BreadcrumbList","@id":"https:\/\/partsproto.de\/it\/kontakt\/#breadcrumb","itemListElement":[{"@type":"ListItem","position":1,"name":"\u9996\u9875","item":"http:\/\/partsproto.de\/"},{"@type":"ListItem","position":2,"name":"Kontakt"}]},{"@type":"WebSite","@id":"http:\/\/partsproto.de\/#website","url":"http:\/\/partsproto.de\/","name":"Partsproto","description":"","potentialAction":[{"@type":"SearchAction","target":{"@type":"EntryPoint","urlTemplate":"http:\/\/partsproto.de\/?s={search_term_string}"},"query-input":{"@type":"PropertyValueSpecification","valueRequired":true,"valueName":"search_term_string"}}],"inLanguage":"en-US"}]}},"_links":{"self":[{"href":"https:\/\/partsproto.de\/en\/wp-json\/wp\/v2\/pages\/108","targetHints":{"allow":["GET"]}}],"collection":[{"href":"https:\/\/partsproto.de\/en\/wp-json\/wp\/v2\/pages"}],"about":[{"href":"https:\/\/partsproto.de\/en\/wp-json\/wp\/v2\/types\/page"}],"author":[{"embeddable":true,"href":"https:\/\/partsproto.de\/en\/wp-json\/wp\/v2\/users\/1"}],"replies":[{"embeddable":true,"href":"https:\/\/partsproto.de\/en\/wp-json\/wp\/v2\/comments?post=108"}],"version-history":[{"count":5,"href":"https:\/\/partsproto.de\/en\/wp-json\/wp\/v2\/pages\/108\/revisions"}],"predecessor-version":[{"id":324,"href":"https:\/\/partsproto.de\/en\/wp-json\/wp\/v2\/pages\/108\/revisions\/324"}],"wp:attachment":[{"href":"https:\/\/partsproto.de\/en\/wp-json\/wp\/v2\/media?parent=108"}],"curies":[{"name":"wp","href":"https:\/\/api.w.org\/{rel}","templated":true}]}}